{"id":4646,"date":"2023-11-14T11:04:55","date_gmt":"2023-11-14T10:04:55","guid":{"rendered":"https:\/\/marionlomonaco.fr\/?page_id=4646"},"modified":"2025-11-22T09:31:17","modified_gmt":"2025-11-22T08:31:17","slug":"ateliers","status":"publish","type":"page","link":"https:\/\/marionlomonaco.fr\/?page_id=4646","title":{"rendered":"Restaurations"},"content":{"rendered":"<p>[et_pb_section fb_built=\u00a0\u00bb1&Prime; _builder_version=\u00a0\u00bb3.22&Prime; background_image=\u00a0\u00bbhttps:\/\/marionlomonaco.fr\/wp-content\/uploads\/2017\/09\/Work-Detail-5.jpg\u00a0\u00bb global_colors_info=\u00a0\u00bb{}\u00a0\u00bb][et_pb_row _builder_version=\u00a0\u00bb4.11.2&Prime; _module_preset=\u00a0\u00bbdefault\u00a0\u00bb column_structure=\u00a0\u00bb1_4,1_4,1_4,1_4&Prime;][et_pb_column _builder_version=\u00a0\u00bb4.11.2&Prime; _module_preset=\u00a0\u00bbdefault\u00a0\u00bb type=\u00a0\u00bb1_4&Prime;][et_pb_image src=\u00a0\u00bbhttps:\/\/marionlomonaco.fr\/wp-content\/uploads\/2025\/11\/IMG-20250118-WA0004.jpg\u00a0\u00bb _builder_version=\u00a0\u00bb4.11.2&Prime; _module_preset=\u00a0\u00bbdefault\u00a0\u00bb title_text=\u00a0\u00bbIMG-20250118-WA0004&Prime; hover_enabled=\u00a0\u00bb0&Prime; sticky_enabled=\u00a0\u00bb0&Prime;][\/et_pb_image][\/et_pb_column][et_pb_column _builder_version=\u00a0\u00bb4.11.2&Prime; _module_preset=\u00a0\u00bbdefault\u00a0\u00bb type=\u00a0\u00bb1_4&Prime;][et_pb_image src=\u00a0\u00bbhttps:\/\/marionlomonaco.fr\/wp-content\/uploads\/2025\/11\/IMG_20250327_102255-scaled.jpg\u00a0\u00bb _builder_version=\u00a0\u00bb4.11.2&Prime; _module_preset=\u00a0\u00bbdefault\u00a0\u00bb title_text=\u00a0\u00bbIMG_20250327_102255&Prime; hover_enabled=\u00a0\u00bb0&Prime; sticky_enabled=\u00a0\u00bb0&Prime;][\/et_pb_image][\/et_pb_column][et_pb_column _builder_version=\u00a0\u00bb4.11.2&Prime; _module_preset=\u00a0\u00bbdefault\u00a0\u00bb type=\u00a0\u00bb1_4&Prime;][et_pb_image src=\u00a0\u00bbhttps:\/\/marionlomonaco.fr\/wp-content\/uploads\/2025\/11\/IMG_20250327_110720-scaled.jpg\u00a0\u00bb _builder_version=\u00a0\u00bb4.11.2&Prime; _module_preset=\u00a0\u00bbdefault\u00a0\u00bb title_text=\u00a0\u00bbIMG_20250327_110720&Prime; hover_enabled=\u00a0\u00bb0&Prime; sticky_enabled=\u00a0\u00bb0&Prime;][\/et_pb_image][\/et_pb_column][et_pb_column _builder_version=\u00a0\u00bb4.11.2&Prime; _module_preset=\u00a0\u00bbdefault\u00a0\u00bb type=\u00a0\u00bb1_4&Prime;][et_pb_image src=\u00a0\u00bbhttps:\/\/marionlomonaco.fr\/wp-content\/uploads\/2025\/11\/IMG_20250327_144920-scaled.jpg\u00a0\u00bb _builder_version=\u00a0\u00bb4.11.2&Prime; _module_preset=\u00a0\u00bbdefault\u00a0\u00bb title_text=\u00a0\u00bbIMG_20250327_144920&Prime; hover_enabled=\u00a0\u00bb0&Prime; sticky_enabled=\u00a0\u00bb0&Prime;][\/et_pb_image][\/et_pb_column][\/et_pb_row][et_pb_row _builder_version=\u00a0\u00bb4.11.2&Prime; _module_preset=\u00a0\u00bbdefault\u00a0\u00bb][et_pb_column _builder_version=\u00a0\u00bb4.11.2&Prime; _module_preset=\u00a0\u00bbdefault\u00a0\u00bb type=\u00a0\u00bb4_4&Prime;][et_pb_text _builder_version=\u00a0\u00bb4.11.2&Prime; _module_preset=\u00a0\u00bbdefault\u00a0\u00bb hover_enabled=\u00a0\u00bb0&Prime; sticky_enabled=\u00a0\u00bb0&Prime;]<\/p>\n<p><span style=\"color: #ffffff;\"><strong><span style=\"font-family: Calibri Light, sans-serif;\"><span style=\"font-size: large;\">Restaurer des <\/span><\/span><\/strong><strong><span style=\"font-family: Calibri Light, sans-serif;\"><span style=\"font-size: large;\"><b>vitraux<\/b><\/span><\/span><\/strong><span style=\"font-family: Calibri Light, sans-serif;\"><span style=\"font-size: large;\"><b>\u00a0anciens<\/b><\/span><\/span><span style=\"font-family: Calibri Light, sans-serif;\"><span style=\"font-size: large;\">, \u00e0 l\u2019identique. Notre travail consiste <\/span><\/span><span style=\"font-family: Calibri Light, sans-serif;\"><span style=\"font-size: large;\">en<\/span><\/span><span style=\"font-family: Calibri Light, sans-serif;\"><span style=\"font-size: large;\"> la recherche de l&rsquo;iconographie, du verre, de <\/span><\/span><span style=\"font-family: Calibri Light, sans-serif;\"><span style=\"font-size: large;\">s<\/span><\/span><span style=\"font-family: Calibri Light, sans-serif;\"><span style=\"font-size: large;\">a coloration, du plomb <\/span><\/span><span style=\"font-family: Calibri Light, sans-serif;\"><span style=\"font-size: large;\">et bien s\u00fbr en la ma\u00eetrise de la peinture sur verre<\/span><\/span><span style=\"font-family: Calibri Light, sans-serif;\"><span style=\"font-size: large;\">. La restauration inclut <\/span><\/span><span style=\"font-family: Calibri Light, sans-serif;\"><span style=\"font-size: large;\"><b>le nettoyage <\/b><\/span><\/span><span style=\"font-family: Calibri Light, sans-serif;\"><span style=\"font-size: large;\"><b>et le travail de r\u00e9insertion<\/b><\/span><\/span><span style=\"font-family: Calibri Light, sans-serif;\"><span style=\"font-size: large;\"><b> des parties <\/b><\/span><\/span><span style=\"font-family: Calibri Light, sans-serif;\"><span style=\"font-size: large;\"><b>\u00e0 conserver,<\/b><\/span><\/span><span style=\"font-family: Calibri Light, sans-serif;\"><span style=\"font-size: large;\"><b> <\/b><\/span><\/span><span style=\"font-family: Calibri Light, sans-serif;\"><span style=\"font-size: large;\"><b>mais aussi<\/b><\/span><\/span><span style=\"font-family: Calibri Light, sans-serif;\"><span style=\"font-size: large;\"><b> la cr\u00e9ation des parties manquantes, <\/b><\/span><\/span><span style=\"font-family: Calibri Light, sans-serif;\"><span style=\"font-size: large;\"><b>en totale fid\u00e9lit\u00e9 au<\/b><\/span><\/span><span style=\"font-family: Calibri Light, sans-serif;\"><span style=\"font-size: large;\"><b> style de l&rsquo;\u00e9poque.<\/b><\/span><\/span><\/span><\/p>\n<p><span style=\"color: #ffffff;\"><span style=\"font-family: Calibri Light, sans-serif;\"><span style=\"font-size: large;\">L<\/span><\/span><span style=\"font-family: Calibri Light, sans-serif;\"><span style=\"font-size: large;\">ors de la\u00a0<\/span><\/span><strong><span style=\"font-family: Calibri Light, sans-serif;\"><span style=\"font-size: large;\">r\u00e9paration des vitraux<\/span><\/span><\/strong><span style=\"font-family: Calibri Light, sans-serif;\"><span style=\"font-size: large;\">, <\/span><\/span><span style=\"font-family: Calibri Light, sans-serif;\"><span style=\"font-size: large;\">tout <\/span><\/span><span style=\"font-family: Calibri Light, sans-serif;\"><span style=\"font-size: large;\">sera<\/span><\/span><span style=\"font-family: Calibri Light, sans-serif;\"><span style=\"font-size: large;\"> fait pour<\/span><\/span><span style=\"font-family: Calibri Light, sans-serif;\"><span style=\"font-size: large;\"> conserv<\/span><\/span><span style=\"font-family: Calibri Light, sans-serif;\"><span style=\"font-size: large;\">er<\/span><\/span><span style=\"font-family: Calibri Light, sans-serif;\"><span style=\"font-size: large;\"> <\/span><\/span><span style=\"font-family: Calibri Light, sans-serif;\"><span style=\"font-size: large;\">les<\/span><\/span><span style=\"font-family: Calibri Light, sans-serif;\"><span style=\"font-size: large;\"> pi\u00e8ces <\/span><\/span><span style=\"font-family: Calibri Light, sans-serif;\"><span style=\"font-size: large;\">d\u2019origine<\/span><\/span><span style=\"font-family: Calibri Light, sans-serif;\"><span style=\"font-size: large;\">. <\/span><\/span><span style=\"font-family: Calibri Light, sans-serif;\"><span style=\"font-size: large;\">Par l\u2019<\/span><\/span><span style=\"font-family: Calibri Light, sans-serif;\"><span style=\"font-size: large;\">utilis<\/span><\/span><span style=\"font-family: Calibri Light, sans-serif;\"><span style=\"font-size: large;\">ation<\/span><\/span><span style=\"font-family: Calibri Light, sans-serif;\"><span style=\"font-size: large;\"> de mat\u00e9riaux nobles et de techniques de travail \u00e0 l\u2019ancienne, <\/span><\/span><span style=\"font-family: Calibri Light, sans-serif;\"><span style=\"font-size: large;\">l\u2019<\/span><\/span><span style=\"font-family: Calibri Light, sans-serif;\"><span style=\"font-size: large;\">A<\/span><\/span><span style=\"font-family: Calibri Light, sans-serif;\"><span style=\"font-size: large;\">telier <\/span><\/span><span style=\"font-family: Calibri Light, sans-serif;\"><span style=\"font-size: large;\">La Mona <\/span><\/span><span style=\"font-family: Calibri Light, sans-serif;\"><span style=\"font-size: large;\">respecte l\u2019\u0153uvre <\/span><\/span><span style=\"font-family: Calibri Light, sans-serif;\"><span style=\"font-size: large;\">premi\u00e8re<\/span><\/span><span style=\"font-family: Calibri Light, sans-serif;\"><span style=\"font-size: large;\"> et l\u2019artisan qui l\u2019a <\/span><\/span><span style=\"font-family: Calibri Light, sans-serif;\"><span style=\"font-size: large;\">r\u00e9alis\u00e9e<\/span><\/span><span style=\"font-family: Calibri Light, sans-serif;\"><span style=\"font-size: large;\"> <\/span><\/span><span style=\"font-family: Calibri Light, sans-serif;\"><span style=\"font-size: large;\">bien longtemps avant<\/span><\/span><span style=\"font-family: Calibri Light, sans-serif;\"><span style=\"font-size: large;\">. <\/span><\/span><span style=\"font-family: Calibri Light, sans-serif;\"><span style=\"font-size: large;\">Ce n\u2019est qu\u2019en tout dernier recours qu\u2019il sera d\u00e9cid\u00e9 de changer <\/span><\/span><span style=\"font-family: Calibri Light, sans-serif;\"><span style=\"font-size: large;\">un verre d\u2019origine<\/span><\/span><span style=\"font-family: Calibri Light, sans-serif;\"><span style=\"font-size: large;\">.<\/span><\/span><\/span><\/p>\n<p><span style=\"color: #ffffff;\"><span style=\"font-family: Calibri Light, sans-serif;\"><span style=\"font-size: large;\">Par ailleurs, <\/span><\/span><span style=\"font-family: Calibri Light, sans-serif;\"><span style=\"font-size: large;\">l<\/span><\/span><span style=\"font-family: Calibri Light, sans-serif;\"><span style=\"font-size: large;\">\u2019<\/span><\/span><span style=\"font-family: Calibri Light, sans-serif;\"><span style=\"font-size: large;\">atelier <\/span><\/span><span style=\"font-family: Calibri Light, sans-serif;\"><span style=\"font-size: large;\"><b>remplace<\/b><\/span><\/span><span style=\"font-family: Calibri Light, sans-serif;\"><span style=\"font-size: large;\"><b>ra<\/b><\/span><\/span><span style=\"font-family: Calibri Light, sans-serif;\"><span style=\"font-size: large;\"><b> une partie ou tout le r\u00e9seau de plomb<\/b><\/span><\/span><span style=\"font-family: Calibri Light, sans-serif;\"><span style=\"font-size: large;\">, en fonction de son degr\u00e9 de d\u00e9gradation<\/span><\/span><span style=\"font-family: Calibri Light, sans-serif;\"><span style=\"font-size: large;\">. <\/span><\/span><\/span><\/p>\n<p><span style=\"color: #ffffff;\"><span style=\"font-family: Calibri Light, sans-serif;\"><span style=\"font-size: large;\">La restauration s&rsquo;effectue <\/span><\/span><span style=\"font-family: Calibri Light, sans-serif;\"><span style=\"font-size: large;\"><b>sur place et\/ou <\/b><\/span><\/span><span style=\"font-family: Calibri Light, sans-serif;\"><span style=\"font-size: large;\"><b>\u00e0 l\u2019<\/b><\/span><\/span><span style=\"font-family: Calibri Light, sans-serif;\"><span style=\"font-size: large;\"><b>atelier<\/b><\/span><\/span><span style=\"font-family: Calibri Light, sans-serif;\"><span style=\"font-size: large;\"> <\/span><\/span><span style=\"font-family: Calibri Light, sans-serif;\"><span style=\"font-size: large;\">selon l\u2019ampleur <\/span><\/span><span style=\"font-family: Calibri Light, sans-serif;\"><span style=\"font-size: large;\">et la teneur<\/span><\/span><span style=\"font-family: Calibri Light, sans-serif;\"><span style=\"font-size: large;\"> des gestes \u00e0 apporter sur les vitraux. Un simple d\u00e9piquage\/repiquage d&rsquo;une ou plusieurs pi\u00e8ces de verre peut \u00eatre n\u00e9cessaire.<\/span><\/span><\/span><\/p>\n<p><span style=\"font-family: 'Calibri Light', sans-serif; color: #ffffff;\"><span style=\"font-size: large;\">L\u2019atelier intervient sur le <b>patrimoine public ou priv\u00e9, les \u00e9difices religieux<\/b>, pour les <b>particuliers et <\/b><b>les<\/b><b> professionnels<\/b>.<\/span><\/span><\/p>\n<p><span style=\"color: #ffffff;\"><span style=\"font-family: Calibri Light, sans-serif;\"><span style=\"font-size: large;\">D<\/span><\/span><span style=\"font-family: Calibri Light, sans-serif;\"><span style=\"font-size: large;\">es vitraux peuvent<\/span><\/span><span style=\"font-family: Calibri Light, sans-serif;\"><span style=\"font-size: large;\"> <\/span><\/span><span style=\"font-family: Calibri Light, sans-serif;\"><span style=\"font-size: large;\">\u00eatre ins\u00e9r\u00e9s ou pos\u00e9s contre le double vitrage. <\/span><\/span><span style=\"font-family: Calibri Light, sans-serif;\"><span style=\"font-size: large;\">I<\/span><\/span><span style=\"font-family: Calibri Light, sans-serif;\"><span style=\"font-size: large;\">ls peuvent <\/span><\/span><span style=\"font-family: Calibri Light, sans-serif;\"><span style=\"font-size: large;\">\u00e9galement<\/span><\/span><span style=\"font-family: Calibri Light, sans-serif;\"><span style=\"font-size: large;\"> \u00eatre recalibr\u00e9s pour \u00eatre ins\u00e9r\u00e9s dans une nouvelle ouverture, <\/span><\/span><span style=\"font-family: Calibri Light, sans-serif;\"><span style=\"font-size: large;\">pour<\/span><\/span><span style=\"font-family: Calibri Light, sans-serif;\"><span style=\"font-size: large;\"> y apposer un double vitrage.<\/span><\/span><\/span><\/p>\n<p>[\/et_pb_text][\/et_pb_column][\/et_pb_row][et_pb_row _builder_version=\u00a0\u00bb4.11.2&Prime; _module_preset=\u00a0\u00bbdefault\u00a0\u00bb column_structure=\u00a0\u00bb1_4,1_4,1_4,1_4&Prime;][et_pb_column _builder_version=\u00a0\u00bb4.11.2&Prime; _module_preset=\u00a0\u00bbdefault\u00a0\u00bb type=\u00a0\u00bb1_4&Prime;][et_pb_image src=\u00a0\u00bbhttps:\/\/marionlomonaco.fr\/wp-content\/uploads\/2025\/11\/IMG_20250326_130458-scaled.jpg\u00a0\u00bb _builder_version=\u00a0\u00bb4.11.2&Prime; _module_preset=\u00a0\u00bbdefault\u00a0\u00bb title_text=\u00a0\u00bbIMG_20250326_130458&Prime; hover_enabled=\u00a0\u00bb0&Prime; sticky_enabled=\u00a0\u00bb0&Prime;][\/et_pb_image][\/et_pb_column][et_pb_column _builder_version=\u00a0\u00bb4.11.2&Prime; _module_preset=\u00a0\u00bbdefault\u00a0\u00bb type=\u00a0\u00bb1_4&Prime;][et_pb_image src=\u00a0\u00bbhttps:\/\/marionlomonaco.fr\/wp-content\/uploads\/2025\/11\/IMG_20250325_094822-scaled.jpg\u00a0\u00bb _builder_version=\u00a0\u00bb4.11.2&Prime; _module_preset=\u00a0\u00bbdefault\u00a0\u00bb title_text=\u00a0\u00bbIMG_20250325_094822&Prime; hover_enabled=\u00a0\u00bb0&Prime; sticky_enabled=\u00a0\u00bb0&Prime;][\/et_pb_image][\/et_pb_column][et_pb_column _builder_version=\u00a0\u00bb4.11.2&Prime; _module_preset=\u00a0\u00bbdefault\u00a0\u00bb type=\u00a0\u00bb1_4&Prime;][\/et_pb_column][et_pb_column _builder_version=\u00a0\u00bb4.11.2&Prime; _module_preset=\u00a0\u00bbdefault\u00a0\u00bb type=\u00a0\u00bb1_4&Prime;][\/et_pb_column][\/et_pb_row][\/et_pb_section]<\/p>\n","protected":false},"excerpt":{"rendered":"<p>Restaurer des vitraux\u00a0anciens, \u00e0 l\u2019identique. Notre travail consiste en la recherche de l&rsquo;iconographie, du verre, de sa coloration, du plomb et bien s\u00fbr en la ma\u00eetrise de la peinture sur verre. La restauration inclut le nettoyage et le travail de r\u00e9insertion des parties \u00e0 conserver, mais aussi la cr\u00e9ation des parties manquantes, en totale fid\u00e9lit\u00e9 [&hellip;]<\/p>\n","protected":false},"author":1,"featured_media":0,"parent":0,"menu_order":0,"comment_status":"closed","ping_status":"closed","template":"","meta":{"_et_pb_use_builder":"on","_et_pb_old_content":"","_et_gb_content_width":""},"yoast_head":"<!-- This site is optimized with the Yoast SEO plugin v17.3 - https:\/\/yoast.com\/wordpress\/plugins\/seo\/ -->\n<title>Restaurations - Marion Lo Monaco<\/title>\n<meta name=\"robots\" content=\"index, follow, max-snippet:-1, max-image-preview:large, max-video-preview:-1\" \/>\n<link rel=\"canonical\" href=\"https:\/\/marionlomonaco.fr\/?page_id=4646\" \/>\n<meta property=\"og:locale\" content=\"fr_FR\" \/>\n<meta property=\"og:type\" content=\"article\" \/>\n<meta property=\"og:title\" content=\"Restaurations - Marion Lo Monaco\" \/>\n<meta property=\"og:description\" content=\"Restaurer des vitraux\u00a0anciens, \u00e0 l\u2019identique. Notre travail consiste en la recherche de l&#039;iconographie, du verre, de sa coloration, du plomb et bien s\u00fbr en la ma\u00eetrise de la peinture sur verre. La restauration inclut le nettoyage et le travail de r\u00e9insertion des parties \u00e0 conserver, mais aussi la cr\u00e9ation des parties manquantes, en totale fid\u00e9lit\u00e9 [&hellip;]\" \/>\n<meta property=\"og:url\" content=\"https:\/\/marionlomonaco.fr\/?page_id=4646\" \/>\n<meta property=\"og:site_name\" content=\"Marion Lo Monaco\" \/>\n<meta property=\"article:modified_time\" content=\"2025-11-22T08:31:17+00:00\" \/>\n<meta name=\"twitter:card\" content=\"summary\" \/>\n<script type=\"application\/ld+json\" class=\"yoast-schema-graph\">{\"@context\":\"https:\/\/schema.org\",\"@graph\":[{\"@type\":\"WebSite\",\"@id\":\"https:\/\/marionlomonaco.fr\/#website\",\"url\":\"https:\/\/marionlomonaco.fr\/\",\"name\":\"Marion Lo Monaco\",\"description\":\"Atelier LA MONA - Vitraux\",\"potentialAction\":[{\"@type\":\"SearchAction\",\"target\":{\"@type\":\"EntryPoint\",\"urlTemplate\":\"https:\/\/marionlomonaco.fr\/?s={search_term_string}\"},\"query-input\":\"required name=search_term_string\"}],\"inLanguage\":\"fr-FR\"},{\"@type\":\"WebPage\",\"@id\":\"https:\/\/marionlomonaco.fr\/?page_id=4646#webpage\",\"url\":\"https:\/\/marionlomonaco.fr\/?page_id=4646\",\"name\":\"Restaurations - Marion Lo Monaco\",\"isPartOf\":{\"@id\":\"https:\/\/marionlomonaco.fr\/#website\"},\"datePublished\":\"2023-11-14T10:04:55+00:00\",\"dateModified\":\"2025-11-22T08:31:17+00:00\",\"breadcrumb\":{\"@id\":\"https:\/\/marionlomonaco.fr\/?page_id=4646#breadcrumb\"},\"inLanguage\":\"fr-FR\",\"potentialAction\":[{\"@type\":\"ReadAction\",\"target\":[\"https:\/\/marionlomonaco.fr\/?page_id=4646\"]}]},{\"@type\":\"BreadcrumbList\",\"@id\":\"https:\/\/marionlomonaco.fr\/?page_id=4646#breadcrumb\",\"itemListElement\":[{\"@type\":\"ListItem\",\"position\":1,\"name\":\"Accueil\",\"item\":\"https:\/\/marionlomonaco.fr\/\"},{\"@type\":\"ListItem\",\"position\":2,\"name\":\"Restaurations\"}]}]}<\/script>\n<!-- \/ Yoast SEO plugin. -->","yoast_head_json":{"title":"Restaurations - Marion Lo Monaco","robots":{"index":"index","follow":"follow","max-snippet":"max-snippet:-1","max-image-preview":"max-image-preview:large","max-video-preview":"max-video-preview:-1"},"canonical":"https:\/\/marionlomonaco.fr\/?page_id=4646","og_locale":"fr_FR","og_type":"article","og_title":"Restaurations - Marion Lo Monaco","og_description":"Restaurer des vitraux\u00a0anciens, \u00e0 l\u2019identique. Notre travail consiste en la recherche de l'iconographie, du verre, de sa coloration, du plomb et bien s\u00fbr en la ma\u00eetrise de la peinture sur verre. La restauration inclut le nettoyage et le travail de r\u00e9insertion des parties \u00e0 conserver, mais aussi la cr\u00e9ation des parties manquantes, en totale fid\u00e9lit\u00e9 [&hellip;]","og_url":"https:\/\/marionlomonaco.fr\/?page_id=4646","og_site_name":"Marion Lo Monaco","article_modified_time":"2025-11-22T08:31:17+00:00","twitter_card":"summary","schema":{"@context":"https:\/\/schema.org","@graph":[{"@type":"WebSite","@id":"https:\/\/marionlomonaco.fr\/#website","url":"https:\/\/marionlomonaco.fr\/","name":"Marion Lo Monaco","description":"Atelier LA MONA - Vitraux","potentialAction":[{"@type":"SearchAction","target":{"@type":"EntryPoint","urlTemplate":"https:\/\/marionlomonaco.fr\/?s={search_term_string}"},"query-input":"required name=search_term_string"}],"inLanguage":"fr-FR"},{"@type":"WebPage","@id":"https:\/\/marionlomonaco.fr\/?page_id=4646#webpage","url":"https:\/\/marionlomonaco.fr\/?page_id=4646","name":"Restaurations - Marion Lo Monaco","isPartOf":{"@id":"https:\/\/marionlomonaco.fr\/#website"},"datePublished":"2023-11-14T10:04:55+00:00","dateModified":"2025-11-22T08:31:17+00:00","breadcrumb":{"@id":"https:\/\/marionlomonaco.fr\/?page_id=4646#breadcrumb"},"inLanguage":"fr-FR","potentialAction":[{"@type":"ReadAction","target":["https:\/\/marionlomonaco.fr\/?page_id=4646"]}]},{"@type":"BreadcrumbList","@id":"https:\/\/marionlomonaco.fr\/?page_id=4646#breadcrumb","itemListElement":[{"@type":"ListItem","position":1,"name":"Accueil","item":"https:\/\/marionlomonaco.fr\/"},{"@type":"ListItem","position":2,"name":"Restaurations"}]}]}},"_links":{"self":[{"href":"https:\/\/marionlomonaco.fr\/index.php?rest_route=\/wp\/v2\/pages\/4646"}],"collection":[{"href":"https:\/\/marionlomonaco.fr\/index.php?rest_route=\/wp\/v2\/pages"}],"about":[{"href":"https:\/\/marionlomonaco.fr\/index.php?rest_route=\/wp\/v2\/types\/page"}],"author":[{"embeddable":true,"href":"https:\/\/marionlomonaco.fr\/index.php?rest_route=\/wp\/v2\/users\/1"}],"replies":[{"embeddable":true,"href":"https:\/\/marionlomonaco.fr\/index.php?rest_route=%2Fwp%2Fv2%2Fcomments&post=4646"}],"version-history":[{"count":8,"href":"https:\/\/marionlomonaco.fr\/index.php?rest_route=\/wp\/v2\/pages\/4646\/revisions"}],"predecessor-version":[{"id":4801,"href":"https:\/\/marionlomonaco.fr\/index.php?rest_route=\/wp\/v2\/pages\/4646\/revisions\/4801"}],"wp:attachment":[{"href":"https:\/\/marionlomonaco.fr\/index.php?rest_route=%2Fwp%2Fv2%2Fmedia&parent=4646"}],"curies":[{"name":"wp","href":"https:\/\/api.w.org\/{rel}","templated":true}]}}