{"id":4138,"date":"2021-05-07T15:59:04","date_gmt":"2021-05-07T13:59:04","guid":{"rendered":"http:\/\/marionlomonaco.fr\/?page_id=4138"},"modified":"2025-11-23T11:12:14","modified_gmt":"2025-11-23T10:12:14","slug":"petits-formats","status":"publish","type":"page","link":"https:\/\/marionlomonaco.fr\/?page_id=4138","title":{"rendered":"Petits formats"},"content":{"rendered":"\n[et_pb_section fb_built=\u00a0\u00bb1&Prime; _builder_version=\u00a0\u00bb4.16&Prime; background_image=\u00a0\u00bbhttps:\/\/marionlomonaco.fr\/wp-content\/uploads\/2017\/09\/Work-Detail-5.jpg\u00a0\u00bb global_colors_info=\u00a0\u00bb{}\u00a0\u00bb][et_pb_row column_structure=\u00a0\u00bb1_4,1_4,1_4,1_4&Prime; _builder_version=\u00a0\u00bb4.16&Prime; _module_preset=\u00a0\u00bbdefault\u00a0\u00bb custom_margin=\u00a0\u00bb|auto|-186px|auto||\u00a0\u00bb global_colors_info=\u00a0\u00bb{}\u00a0\u00bb][et_pb_column type=\u00a0\u00bb1_4&Prime; _builder_version=\u00a0\u00bb4.16&Prime; _module_preset=\u00a0\u00bbdefault\u00a0\u00bb global_colors_info=\u00a0\u00bb{}\u00a0\u00bb][et_pb_blurb title=\u00a0\u00bbInspiration d&rsquo;un autoportrait d&rsquo;H. Matisse\u00a0\u00bb image=\u00a0\u00bbhttps:\/\/marionlomonaco.fr\/wp-content\/uploads\/2025\/11\/IMG_20240728_211449-scaled.jpg\u00a0\u00bb admin_label=\u00a0\u00bbClef\u00a0\u00bb _builder_version=\u00a0\u00bb4.27.4&Prime; header_font=\u00a0\u00bbPermanent Marker||||\u00a0\u00bb body_font=\u00a0\u00bbAbril Fatface|||||on|||\u00a0\u00bb body_font_size=\u00a0\u00bb18px\u00a0\u00bb text_orientation=\u00a0\u00bbcenter\u00a0\u00bb background_layout=\u00a0\u00bbdark\u00a0\u00bb hover_enabled=\u00a0\u00bb0&Prime; global_colors_info=\u00a0\u00bb{}\u00a0\u00bb sticky_enabled=\u00a0\u00bb0&Prime;][\/et_pb_blurb][\/et_pb_column][et_pb_column type=\u00a0\u00bb1_4&Prime; _builder_version=\u00a0\u00bb4.16&Prime; _module_preset=\u00a0\u00bbdefault\u00a0\u00bb global_colors_info=\u00a0\u00bb{}\u00a0\u00bb][et_pb_blurb title=\u00a0\u00bbPoisson d&rsquo;eau de verre\u00a0\u00bb image=\u00a0\u00bbhttps:\/\/marionlomonaco.fr\/wp-content\/uploads\/2025\/11\/IMG_20230913_164754v-scaled.jpg\u00a0\u00bb admin_label=\u00a0\u00bbClef\u00a0\u00bb _builder_version=\u00a0\u00bb4.27.4&Prime; header_font=\u00a0\u00bbPermanent Marker||||\u00a0\u00bb body_font=\u00a0\u00bbAbril Fatface|||||on|||\u00a0\u00bb body_font_size=\u00a0\u00bb18px\u00a0\u00bb text_orientation=\u00a0\u00bbcenter\u00a0\u00bb background_layout=\u00a0\u00bbdark\u00a0\u00bb hover_enabled=\u00a0\u00bb0&Prime; global_colors_info=\u00a0\u00bb{}\u00a0\u00bb sticky_enabled=\u00a0\u00bb0&Prime;][\/et_pb_blurb][\/et_pb_column][et_pb_column type=\u00a0\u00bb1_4&Prime; _builder_version=\u00a0\u00bb4.16&Prime; _module_preset=\u00a0\u00bbdefault\u00a0\u00bb global_colors_info=\u00a0\u00bb{}\u00a0\u00bb][et_pb_blurb title=\u00a0\u00bbd&rsquo;apr\u00e8s le J\u00e9sus de Bourges (XIIIe)\u00a0\u00bb image=\u00a0\u00bbhttps:\/\/marionlomonaco.fr\/wp-content\/uploads\/2025\/11\/IMG_20240524_091251v-scaled.jpg\u00a0\u00bb admin_label=\u00a0\u00bbClef\u00a0\u00bb _builder_version=\u00a0\u00bb4.27.4&Prime; header_font=\u00a0\u00bbPermanent Marker||||\u00a0\u00bb body_font=\u00a0\u00bbAbril Fatface|||||on|||\u00a0\u00bb body_font_size=\u00a0\u00bb18px\u00a0\u00bb text_orientation=\u00a0\u00bbcenter\u00a0\u00bb background_layout=\u00a0\u00bbdark\u00a0\u00bb hover_enabled=\u00a0\u00bb0&Prime; global_colors_info=\u00a0\u00bb{}\u00a0\u00bb sticky_enabled=\u00a0\u00bb0&Prime;][\/et_pb_blurb][\/et_pb_column][et_pb_column type=\u00a0\u00bb1_4&Prime; _builder_version=\u00a0\u00bb4.16&Prime; _module_preset=\u00a0\u00bbdefault\u00a0\u00bb global_colors_info=\u00a0\u00bb{}\u00a0\u00bb][et_pb_blurb title=\u00a0\u00bbAnonyme femme\u00a0\u00bb image=\u00a0\u00bbhttps:\/\/marionlomonaco.fr\/wp-content\/uploads\/2025\/11\/IMG_20240524_172324-scaled.jpg\u00a0\u00bb admin_label=\u00a0\u00bbClef\u00a0\u00bb _builder_version=\u00a0\u00bb4.27.4&Prime; header_font=\u00a0\u00bbPermanent Marker||||\u00a0\u00bb body_font=\u00a0\u00bbAbril Fatface|||||on|||\u00a0\u00bb body_font_size=\u00a0\u00bb18px\u00a0\u00bb text_orientation=\u00a0\u00bbcenter\u00a0\u00bb background_layout=\u00a0\u00bbdark\u00a0\u00bb hover_enabled=\u00a0\u00bb0&Prime; global_colors_info=\u00a0\u00bb{}\u00a0\u00bb sticky_enabled=\u00a0\u00bb0&Prime;][\/et_pb_blurb][\/et_pb_column][\/et_pb_row][et_pb_row column_structure=\u00a0\u00bb1_4,1_4,1_4,1_4&Prime; _builder_version=\u00a0\u00bb4.16&Prime; _module_preset=\u00a0\u00bbdefault\u00a0\u00bb custom_margin=\u00a0\u00bb171px|auto|-85px|auto||\u00a0\u00bb custom_padding=\u00a0\u00bb80px|||||\u00a0\u00bb global_colors_info=\u00a0\u00bb{}\u00a0\u00bb][et_pb_column type=\u00a0\u00bb1_4&Prime; _builder_version=\u00a0\u00bb4.16&Prime; _module_preset=\u00a0\u00bbdefault\u00a0\u00bb global_colors_info=\u00a0\u00bb{}\u00a0\u00bb][et_pb_blurb title=\u00a0\u00bbVitrerie au Hibou\u00a0\u00bb image=\u00a0\u00bbhttps:\/\/marionlomonaco.fr\/wp-content\/uploads\/2025\/11\/IMG_20240620_162921-scaled.jpg\u00a0\u00bb admin_label=\u00a0\u00bbClef\u00a0\u00bb _builder_version=\u00a0\u00bb4.27.4&Prime; header_font=\u00a0\u00bbPermanent Marker||||\u00a0\u00bb body_font=\u00a0\u00bbAbril Fatface|||||on|||\u00a0\u00bb body_font_size=\u00a0\u00bb18px\u00a0\u00bb text_orientation=\u00a0\u00bbcenter\u00a0\u00bb background_layout=\u00a0\u00bbdark\u00a0\u00bb hover_enabled=\u00a0\u00bb0&Prime; global_colors_info=\u00a0\u00bb{}\u00a0\u00bb sticky_enabled=\u00a0\u00bb0&Prime;][\/et_pb_blurb][\/et_pb_column][et_pb_column type=\u00a0\u00bb1_4&Prime; _builder_version=\u00a0\u00bb4.16&Prime; _module_preset=\u00a0\u00bbdefault\u00a0\u00bb global_colors_info=\u00a0\u00bb{}\u00a0\u00bb][et_pb_blurb title=\u00a0\u00bbUn certain regard\u00a0\u00bb image=\u00a0\u00bbhttps:\/\/marionlomonaco.fr\/wp-content\/uploads\/2025\/11\/IMG_20251009_090958-scaled.jpg\u00a0\u00bb admin_label=\u00a0\u00bbClef\u00a0\u00bb _builder_version=\u00a0\u00bb4.27.4&Prime; header_font=\u00a0\u00bbPermanent Marker||||\u00a0\u00bb body_font=\u00a0\u00bbAbril Fatface|||||on|||\u00a0\u00bb body_font_size=\u00a0\u00bb18px\u00a0\u00bb text_orientation=\u00a0\u00bbcenter\u00a0\u00bb background_layout=\u00a0\u00bbdark\u00a0\u00bb hover_enabled=\u00a0\u00bb0&Prime; global_colors_info=\u00a0\u00bb{}\u00a0\u00bb sticky_enabled=\u00a0\u00bb0&Prime;][\/et_pb_blurb][\/et_pb_column][et_pb_column type=\u00a0\u00bb1_4&Prime; _builder_version=\u00a0\u00bb4.16&Prime; _module_preset=\u00a0\u00bbdefault\u00a0\u00bb global_colors_info=\u00a0\u00bb{}\u00a0\u00bb][et_pb_blurb title=\u00a0\u00bbL-H\u00a0\u00bb image=\u00a0\u00bbhttps:\/\/marionlomonaco.fr\/wp-content\/uploads\/2025\/11\/IMG_20241107_111005_edit_42502342642472-scaled.jpg\u00a0\u00bb admin_label=\u00a0\u00bbClef\u00a0\u00bb _builder_version=\u00a0\u00bb4.27.4&Prime; header_font=\u00a0\u00bbPermanent Marker||||\u00a0\u00bb body_font=\u00a0\u00bbAbril Fatface|||||on|||\u00a0\u00bb body_font_size=\u00a0\u00bb18px\u00a0\u00bb text_orientation=\u00a0\u00bbcenter\u00a0\u00bb background_layout=\u00a0\u00bbdark\u00a0\u00bb hover_enabled=\u00a0\u00bb0&Prime; global_colors_info=\u00a0\u00bb{}\u00a0\u00bb sticky_enabled=\u00a0\u00bb0&Prime;][\/et_pb_blurb][\/et_pb_column][et_pb_column type=\u00a0\u00bb1_4&Prime; _builder_version=\u00a0\u00bb4.16&Prime; _module_preset=\u00a0\u00bbdefault\u00a0\u00bb global_colors_info=\u00a0\u00bb{}\u00a0\u00bb][et_pb_blurb title=\u00a0\u00bbLa peintre Charlotte Salomon\u00a0\u00bb image=\u00a0\u00bbhttps:\/\/marionlomonaco.fr\/wp-content\/uploads\/2025\/11\/IMG_20241107_172213-scaled.jpg\u00a0\u00bb admin_label=\u00a0\u00bbClef\u00a0\u00bb _builder_version=\u00a0\u00bb4.27.4&Prime; header_font=\u00a0\u00bbPermanent Marker||||\u00a0\u00bb body_font=\u00a0\u00bbAbril Fatface|||||on|||\u00a0\u00bb body_font_size=\u00a0\u00bb18px\u00a0\u00bb text_orientation=\u00a0\u00bbcenter\u00a0\u00bb background_layout=\u00a0\u00bbdark\u00a0\u00bb hover_enabled=\u00a0\u00bb0&Prime; global_colors_info=\u00a0\u00bb{}\u00a0\u00bb sticky_enabled=\u00a0\u00bb0&Prime;][\/et_pb_blurb][\/et_pb_column][\/et_pb_row][\/et_pb_section]\n","protected":false},"excerpt":{"rendered":"","protected":false},"author":1,"featured_media":0,"parent":0,"menu_order":0,"comment_status":"closed","ping_status":"closed","template":"","meta":{"_et_pb_use_builder":"on","_et_pb_old_content":"","_et_gb_content_width":""},"yoast_head":"<!-- This site is optimized with the Yoast SEO plugin v17.3 - https:\/\/yoast.com\/wordpress\/plugins\/seo\/ -->\n<title>Petits formats - Marion Lo Monaco<\/title>\n<meta name=\"description\" content=\"Des vitraux \u00e0 poser, \u00e0 suspendre, \u00e0 r\u00e9tro-\u00e9clairer. Des ouvrages d&#039;art pour tous les budgets, tous les espaces.\" \/>\n<meta name=\"robots\" content=\"index, follow, max-snippet:-1, max-image-preview:large, max-video-preview:-1\" \/>\n<link rel=\"canonical\" href=\"https:\/\/marionlomonaco.fr\/?page_id=4138\" \/>\n<meta property=\"og:locale\" content=\"fr_FR\" \/>\n<meta property=\"og:type\" content=\"article\" \/>\n<meta property=\"og:title\" content=\"Petits formats - Marion Lo Monaco\" \/>\n<meta property=\"og:description\" content=\"Des vitraux \u00e0 poser, \u00e0 suspendre, \u00e0 r\u00e9tro-\u00e9clairer. Des ouvrages d&#039;art pour tous les budgets, tous les espaces.\" \/>\n<meta property=\"og:url\" content=\"https:\/\/marionlomonaco.fr\/?page_id=4138\" \/>\n<meta property=\"og:site_name\" content=\"Marion Lo Monaco\" \/>\n<meta property=\"article:modified_time\" content=\"2025-11-23T10:12:14+00:00\" \/>\n<meta name=\"twitter:card\" content=\"summary\" \/>\n<meta name=\"twitter:label1\" content=\"Dur\u00e9e de lecture estim\u00e9e\" \/>\n\t<meta name=\"twitter:data1\" content=\"1 minute\" \/>\n<script type=\"application\/ld+json\" class=\"yoast-schema-graph\">{\"@context\":\"https:\/\/schema.org\",\"@graph\":[{\"@type\":\"WebSite\",\"@id\":\"https:\/\/marionlomonaco.fr\/#website\",\"url\":\"https:\/\/marionlomonaco.fr\/\",\"name\":\"Marion Lo Monaco\",\"description\":\"Atelier LA MONA - Vitraux\",\"potentialAction\":[{\"@type\":\"SearchAction\",\"target\":{\"@type\":\"EntryPoint\",\"urlTemplate\":\"https:\/\/marionlomonaco.fr\/?s={search_term_string}\"},\"query-input\":\"required name=search_term_string\"}],\"inLanguage\":\"fr-FR\"},{\"@type\":\"WebPage\",\"@id\":\"https:\/\/marionlomonaco.fr\/?page_id=4138#webpage\",\"url\":\"https:\/\/marionlomonaco.fr\/?page_id=4138\",\"name\":\"Petits formats - Marion Lo Monaco\",\"isPartOf\":{\"@id\":\"https:\/\/marionlomonaco.fr\/#website\"},\"datePublished\":\"2021-05-07T13:59:04+00:00\",\"dateModified\":\"2025-11-23T10:12:14+00:00\",\"description\":\"Des vitraux \\u00e0 poser, \\u00e0 suspendre, \\u00e0 r\\u00e9tro-\\u00e9clairer. Des ouvrages d'art pour tous les budgets, tous les espaces.\",\"breadcrumb\":{\"@id\":\"https:\/\/marionlomonaco.fr\/?page_id=4138#breadcrumb\"},\"inLanguage\":\"fr-FR\",\"potentialAction\":[{\"@type\":\"ReadAction\",\"target\":[\"https:\/\/marionlomonaco.fr\/?page_id=4138\"]}]},{\"@type\":\"BreadcrumbList\",\"@id\":\"https:\/\/marionlomonaco.fr\/?page_id=4138#breadcrumb\",\"itemListElement\":[{\"@type\":\"ListItem\",\"position\":1,\"name\":\"Accueil\",\"item\":\"https:\/\/marionlomonaco.fr\/\"},{\"@type\":\"ListItem\",\"position\":2,\"name\":\"Petits formats\"}]}]}<\/script>\n<!-- \/ Yoast SEO plugin. -->","yoast_head_json":{"title":"Petits formats - Marion Lo Monaco","description":"Des vitraux \u00e0 poser, \u00e0 suspendre, \u00e0 r\u00e9tro-\u00e9clairer. Des ouvrages d'art pour tous les budgets, tous les espaces.","robots":{"index":"index","follow":"follow","max-snippet":"max-snippet:-1","max-image-preview":"max-image-preview:large","max-video-preview":"max-video-preview:-1"},"canonical":"https:\/\/marionlomonaco.fr\/?page_id=4138","og_locale":"fr_FR","og_type":"article","og_title":"Petits formats - Marion Lo Monaco","og_description":"Des vitraux \u00e0 poser, \u00e0 suspendre, \u00e0 r\u00e9tro-\u00e9clairer. Des ouvrages d'art pour tous les budgets, tous les espaces.","og_url":"https:\/\/marionlomonaco.fr\/?page_id=4138","og_site_name":"Marion Lo Monaco","article_modified_time":"2025-11-23T10:12:14+00:00","twitter_card":"summary","twitter_misc":{"Dur\u00e9e de lecture estim\u00e9e":"1 minute"},"schema":{"@context":"https:\/\/schema.org","@graph":[{"@type":"WebSite","@id":"https:\/\/marionlomonaco.fr\/#website","url":"https:\/\/marionlomonaco.fr\/","name":"Marion Lo Monaco","description":"Atelier LA MONA - Vitraux","potentialAction":[{"@type":"SearchAction","target":{"@type":"EntryPoint","urlTemplate":"https:\/\/marionlomonaco.fr\/?s={search_term_string}"},"query-input":"required name=search_term_string"}],"inLanguage":"fr-FR"},{"@type":"WebPage","@id":"https:\/\/marionlomonaco.fr\/?page_id=4138#webpage","url":"https:\/\/marionlomonaco.fr\/?page_id=4138","name":"Petits formats - Marion Lo Monaco","isPartOf":{"@id":"https:\/\/marionlomonaco.fr\/#website"},"datePublished":"2021-05-07T13:59:04+00:00","dateModified":"2025-11-23T10:12:14+00:00","description":"Des vitraux \u00e0 poser, \u00e0 suspendre, \u00e0 r\u00e9tro-\u00e9clairer. Des ouvrages d'art pour tous les budgets, tous les espaces.","breadcrumb":{"@id":"https:\/\/marionlomonaco.fr\/?page_id=4138#breadcrumb"},"inLanguage":"fr-FR","potentialAction":[{"@type":"ReadAction","target":["https:\/\/marionlomonaco.fr\/?page_id=4138"]}]},{"@type":"BreadcrumbList","@id":"https:\/\/marionlomonaco.fr\/?page_id=4138#breadcrumb","itemListElement":[{"@type":"ListItem","position":1,"name":"Accueil","item":"https:\/\/marionlomonaco.fr\/"},{"@type":"ListItem","position":2,"name":"Petits formats"}]}]}},"_links":{"self":[{"href":"https:\/\/marionlomonaco.fr\/index.php?rest_route=\/wp\/v2\/pages\/4138"}],"collection":[{"href":"https:\/\/marionlomonaco.fr\/index.php?rest_route=\/wp\/v2\/pages"}],"about":[{"href":"https:\/\/marionlomonaco.fr\/index.php?rest_route=\/wp\/v2\/types\/page"}],"author":[{"embeddable":true,"href":"https:\/\/marionlomonaco.fr\/index.php?rest_route=\/wp\/v2\/users\/1"}],"replies":[{"embeddable":true,"href":"https:\/\/marionlomonaco.fr\/index.php?rest_route=%2Fwp%2Fv2%2Fcomments&post=4138"}],"version-history":[{"count":13,"href":"https:\/\/marionlomonaco.fr\/index.php?rest_route=\/wp\/v2\/pages\/4138\/revisions"}],"predecessor-version":[{"id":4851,"href":"https:\/\/marionlomonaco.fr\/index.php?rest_route=\/wp\/v2\/pages\/4138\/revisions\/4851"}],"wp:attachment":[{"href":"https:\/\/marionlomonaco.fr\/index.php?rest_route=%2Fwp%2Fv2%2Fmedia&parent=4138"}],"curies":[{"name":"wp","href":"https:\/\/api.w.org\/{rel}","templated":true}]}}