{"id":3594,"date":"2018-11-28T17:53:29","date_gmt":"2018-11-28T16:53:29","guid":{"rendered":"http:\/\/marionlomonaco.fr\/?page_id=3594"},"modified":"2025-11-21T16:02:34","modified_gmt":"2025-11-21T15:02:34","slug":"presse","status":"publish","type":"page","link":"https:\/\/marionlomonaco.fr\/?page_id=3594","title":{"rendered":"Presse"},"content":{"rendered":"<p>[et_pb_section fb_built=\u00a0\u00bb1&Prime; _builder_version=\u00a0\u00bb4.16&Prime; global_colors_info=\u00a0\u00bb{}\u00a0\u00bb][et_pb_row _builder_version=\u00a0\u00bb4.16&Prime; global_colors_info=\u00a0\u00bb{}\u00a0\u00bb][et_pb_column type=\u00a0\u00bb4_4&Prime; _builder_version=\u00a0\u00bb4.16&Prime; custom_padding=\u00a0\u00bb|||\u00a0\u00bb global_colors_info=\u00a0\u00bb{}\u00a0\u00bb custom_padding__hover=\u00a0\u00bb|||\u00a0\u00bb][et_pb_button button_text=\u00a0\u00bbarticle du 27 novembre 2018, R\u00e9publique des Pyr\u00e9n\u00e9es.\u00a0\u00bb button_alignment=\u00a0\u00bbleft\u00a0\u00bb _builder_version=\u00a0\u00bb4.27.4&Prime; hover_enabled=\u00a0\u00bb0&Prime; button_letter_spacing_hover=\u00a0\u00bb0&Prime; global_colors_info=\u00a0\u00bb{}\u00a0\u00bb button_text_size__hover_enabled=\u00a0\u00bboff\u00a0\u00bb button_one_text_size__hover_enabled=\u00a0\u00bboff\u00a0\u00bb button_two_text_size__hover_enabled=\u00a0\u00bboff\u00a0\u00bb button_text_color__hover_enabled=\u00a0\u00bboff\u00a0\u00bb button_one_text_color__hover_enabled=\u00a0\u00bboff\u00a0\u00bb button_two_text_color__hover_enabled=\u00a0\u00bboff\u00a0\u00bb button_border_width__hover_enabled=\u00a0\u00bboff\u00a0\u00bb button_one_border_width__hover_enabled=\u00a0\u00bboff\u00a0\u00bb button_two_border_width__hover_enabled=\u00a0\u00bboff\u00a0\u00bb button_border_color__hover_enabled=\u00a0\u00bboff\u00a0\u00bb button_one_border_color__hover_enabled=\u00a0\u00bboff\u00a0\u00bb button_two_border_color__hover_enabled=\u00a0\u00bboff\u00a0\u00bb button_border_radius__hover_enabled=\u00a0\u00bboff\u00a0\u00bb button_one_border_radius__hover_enabled=\u00a0\u00bboff\u00a0\u00bb button_two_border_radius__hover_enabled=\u00a0\u00bboff\u00a0\u00bb button_letter_spacing__hover_enabled=\u00a0\u00bbon\u00a0\u00bb button_letter_spacing__hover=\u00a0\u00bb0&Prime; button_one_letter_spacing__hover_enabled=\u00a0\u00bboff\u00a0\u00bb button_two_letter_spacing__hover_enabled=\u00a0\u00bboff\u00a0\u00bb button_bg_color__hover_enabled=\u00a0\u00bboff\u00a0\u00bb button_one_bg_color__hover_enabled=\u00a0\u00bboff\u00a0\u00bb button_two_bg_color__hover_enabled=\u00a0\u00bboff\u00a0\u00bb sticky_enabled=\u00a0\u00bb0&Prime;][\/et_pb_button][et_pb_button button_text=\u00a0\u00bbarticle du 17 octobre 2018, Le Perche.\u00a0\u00bb button_alignment=\u00a0\u00bbleft\u00a0\u00bb _builder_version=\u00a0\u00bb4.27.4&Prime; hover_enabled=\u00a0\u00bb0&Prime; button_letter_spacing_hover=\u00a0\u00bb0&Prime; global_colors_info=\u00a0\u00bb{}\u00a0\u00bb button_text_size__hover_enabled=\u00a0\u00bboff\u00a0\u00bb button_one_text_size__hover_enabled=\u00a0\u00bboff\u00a0\u00bb button_two_text_size__hover_enabled=\u00a0\u00bboff\u00a0\u00bb button_text_color__hover_enabled=\u00a0\u00bboff\u00a0\u00bb button_one_text_color__hover_enabled=\u00a0\u00bboff\u00a0\u00bb button_two_text_color__hover_enabled=\u00a0\u00bboff\u00a0\u00bb button_border_width__hover_enabled=\u00a0\u00bboff\u00a0\u00bb button_one_border_width__hover_enabled=\u00a0\u00bboff\u00a0\u00bb button_two_border_width__hover_enabled=\u00a0\u00bboff\u00a0\u00bb button_border_color__hover_enabled=\u00a0\u00bboff\u00a0\u00bb button_one_border_color__hover_enabled=\u00a0\u00bboff\u00a0\u00bb button_two_border_color__hover_enabled=\u00a0\u00bboff\u00a0\u00bb button_border_radius__hover_enabled=\u00a0\u00bboff\u00a0\u00bb button_one_border_radius__hover_enabled=\u00a0\u00bboff\u00a0\u00bb button_two_border_radius__hover_enabled=\u00a0\u00bboff\u00a0\u00bb button_letter_spacing__hover_enabled=\u00a0\u00bbon\u00a0\u00bb button_letter_spacing__hover=\u00a0\u00bb0&Prime; button_one_letter_spacing__hover_enabled=\u00a0\u00bboff\u00a0\u00bb button_two_letter_spacing__hover_enabled=\u00a0\u00bboff\u00a0\u00bb button_bg_color__hover_enabled=\u00a0\u00bboff\u00a0\u00bb button_one_bg_color__hover_enabled=\u00a0\u00bboff\u00a0\u00bb button_two_bg_color__hover_enabled=\u00a0\u00bboff\u00a0\u00bb sticky_enabled=\u00a0\u00bb0&Prime;][\/et_pb_button][\/et_pb_column][\/et_pb_row][\/et_pb_section]<\/p>\n","protected":false},"excerpt":{"rendered":"","protected":false},"author":1,"featured_media":0,"parent":0,"menu_order":0,"comment_status":"closed","ping_status":"closed","template":"","meta":{"_et_pb_use_builder":"on","_et_pb_old_content":"","_et_gb_content_width":""},"yoast_head":"<!-- This site is optimized with the Yoast SEO plugin v17.3 - https:\/\/yoast.com\/wordpress\/plugins\/seo\/ -->\n<title>Presse - Marion Lo Monaco<\/title>\n<meta name=\"robots\" content=\"index, follow, max-snippet:-1, max-image-preview:large, max-video-preview:-1\" \/>\n<link rel=\"canonical\" href=\"https:\/\/marionlomonaco.fr\/?page_id=3594\" \/>\n<meta property=\"og:locale\" content=\"fr_FR\" \/>\n<meta property=\"og:type\" content=\"article\" \/>\n<meta property=\"og:title\" content=\"Presse - Marion Lo Monaco\" \/>\n<meta property=\"og:url\" content=\"https:\/\/marionlomonaco.fr\/?page_id=3594\" \/>\n<meta property=\"og:site_name\" content=\"Marion Lo Monaco\" \/>\n<meta property=\"article:modified_time\" content=\"2025-11-21T15:02:34+00:00\" \/>\n<meta name=\"twitter:card\" content=\"summary\" \/>\n<meta name=\"twitter:label1\" content=\"Dur\u00e9e de lecture estim\u00e9e\" \/>\n\t<meta name=\"twitter:data1\" content=\"2 minutes\" \/>\n<script type=\"application\/ld+json\" class=\"yoast-schema-graph\">{\"@context\":\"https:\/\/schema.org\",\"@graph\":[{\"@type\":\"WebSite\",\"@id\":\"https:\/\/marionlomonaco.fr\/#website\",\"url\":\"https:\/\/marionlomonaco.fr\/\",\"name\":\"Marion Lo Monaco\",\"description\":\"Atelier LA MONA - Vitraux\",\"potentialAction\":[{\"@type\":\"SearchAction\",\"target\":{\"@type\":\"EntryPoint\",\"urlTemplate\":\"https:\/\/marionlomonaco.fr\/?s={search_term_string}\"},\"query-input\":\"required name=search_term_string\"}],\"inLanguage\":\"fr-FR\"},{\"@type\":\"WebPage\",\"@id\":\"https:\/\/marionlomonaco.fr\/?page_id=3594#webpage\",\"url\":\"https:\/\/marionlomonaco.fr\/?page_id=3594\",\"name\":\"Presse - Marion Lo Monaco\",\"isPartOf\":{\"@id\":\"https:\/\/marionlomonaco.fr\/#website\"},\"datePublished\":\"2018-11-28T16:53:29+00:00\",\"dateModified\":\"2025-11-21T15:02:34+00:00\",\"breadcrumb\":{\"@id\":\"https:\/\/marionlomonaco.fr\/?page_id=3594#breadcrumb\"},\"inLanguage\":\"fr-FR\",\"potentialAction\":[{\"@type\":\"ReadAction\",\"target\":[\"https:\/\/marionlomonaco.fr\/?page_id=3594\"]}]},{\"@type\":\"BreadcrumbList\",\"@id\":\"https:\/\/marionlomonaco.fr\/?page_id=3594#breadcrumb\",\"itemListElement\":[{\"@type\":\"ListItem\",\"position\":1,\"name\":\"Accueil\",\"item\":\"https:\/\/marionlomonaco.fr\/\"},{\"@type\":\"ListItem\",\"position\":2,\"name\":\"Presse\"}]}]}<\/script>\n<!-- \/ Yoast SEO plugin. -->","yoast_head_json":{"title":"Presse - Marion Lo Monaco","robots":{"index":"index","follow":"follow","max-snippet":"max-snippet:-1","max-image-preview":"max-image-preview:large","max-video-preview":"max-video-preview:-1"},"canonical":"https:\/\/marionlomonaco.fr\/?page_id=3594","og_locale":"fr_FR","og_type":"article","og_title":"Presse - Marion Lo Monaco","og_url":"https:\/\/marionlomonaco.fr\/?page_id=3594","og_site_name":"Marion Lo Monaco","article_modified_time":"2025-11-21T15:02:34+00:00","twitter_card":"summary","twitter_misc":{"Dur\u00e9e de lecture estim\u00e9e":"2 minutes"},"schema":{"@context":"https:\/\/schema.org","@graph":[{"@type":"WebSite","@id":"https:\/\/marionlomonaco.fr\/#website","url":"https:\/\/marionlomonaco.fr\/","name":"Marion Lo Monaco","description":"Atelier LA MONA - Vitraux","potentialAction":[{"@type":"SearchAction","target":{"@type":"EntryPoint","urlTemplate":"https:\/\/marionlomonaco.fr\/?s={search_term_string}"},"query-input":"required name=search_term_string"}],"inLanguage":"fr-FR"},{"@type":"WebPage","@id":"https:\/\/marionlomonaco.fr\/?page_id=3594#webpage","url":"https:\/\/marionlomonaco.fr\/?page_id=3594","name":"Presse - Marion Lo Monaco","isPartOf":{"@id":"https:\/\/marionlomonaco.fr\/#website"},"datePublished":"2018-11-28T16:53:29+00:00","dateModified":"2025-11-21T15:02:34+00:00","breadcrumb":{"@id":"https:\/\/marionlomonaco.fr\/?page_id=3594#breadcrumb"},"inLanguage":"fr-FR","potentialAction":[{"@type":"ReadAction","target":["https:\/\/marionlomonaco.fr\/?page_id=3594"]}]},{"@type":"BreadcrumbList","@id":"https:\/\/marionlomonaco.fr\/?page_id=3594#breadcrumb","itemListElement":[{"@type":"ListItem","position":1,"name":"Accueil","item":"https:\/\/marionlomonaco.fr\/"},{"@type":"ListItem","position":2,"name":"Presse"}]}]}},"_links":{"self":[{"href":"https:\/\/marionlomonaco.fr\/index.php?rest_route=\/wp\/v2\/pages\/3594"}],"collection":[{"href":"https:\/\/marionlomonaco.fr\/index.php?rest_route=\/wp\/v2\/pages"}],"about":[{"href":"https:\/\/marionlomonaco.fr\/index.php?rest_route=\/wp\/v2\/types\/page"}],"author":[{"embeddable":true,"href":"https:\/\/marionlomonaco.fr\/index.php?rest_route=\/wp\/v2\/users\/1"}],"replies":[{"embeddable":true,"href":"https:\/\/marionlomonaco.fr\/index.php?rest_route=%2Fwp%2Fv2%2Fcomments&post=3594"}],"version-history":[{"count":6,"href":"https:\/\/marionlomonaco.fr\/index.php?rest_route=\/wp\/v2\/pages\/3594\/revisions"}],"predecessor-version":[{"id":4794,"href":"https:\/\/marionlomonaco.fr\/index.php?rest_route=\/wp\/v2\/pages\/3594\/revisions\/4794"}],"wp:attachment":[{"href":"https:\/\/marionlomonaco.fr\/index.php?rest_route=%2Fwp%2Fv2%2Fmedia&parent=3594"}],"curies":[{"name":"wp","href":"https:\/\/api.w.org\/{rel}","templated":true}]}}