{"id":2395,"date":"2017-07-15T11:12:23","date_gmt":"2017-07-15T09:12:23","guid":{"rendered":"http:\/\/marionlomonaco.fr\/?page_id=2395"},"modified":"2026-03-13T17:33:55","modified_gmt":"2026-03-13T16:33:55","slug":"a-propos","status":"publish","type":"page","link":"https:\/\/marionlomonaco.fr\/?page_id=2395","title":{"rendered":"\u00c0 propos"},"content":{"rendered":"<p>[et_pb_section fb_built=\u00a0\u00bb1&Prime; _builder_version=\u00a0\u00bb4.16&Prime; background_image=\u00a0\u00bbhttps:\/\/marionlomonaco.fr\/wp-content\/uploads\/2017\/06\/aquarelles-noir-et-blanc-de-elicia-edijanto-enfants-et-animaux-sauvages-8.jpg\u00a0\u00bb hover_enabled=\u00a0\u00bb0&Prime; global_colors_info=\u00a0\u00bb{}\u00a0\u00bb sticky_enabled=\u00a0\u00bb0&Prime;][et_pb_row column_structure=\u00a0\u00bb1_3,1_3,1_3&Prime; module_class=\u00a0\u00bb et_pb_row_fullwidth\u00a0\u00bb _builder_version=\u00a0\u00bb4.16&Prime; width=\u00a0\u00bb89%\u00a0\u00bb width_tablet=\u00a0\u00bb80%\u00a0\u00bb width_phone=\u00a0\u00bb\u00a0\u00bb width_last_edited=\u00a0\u00bbon|desktop\u00a0\u00bb max_width=\u00a0\u00bb89%\u00a0\u00bb max_width_tablet=\u00a0\u00bb80%\u00a0\u00bb max_width_phone=\u00a0\u00bb\u00a0\u00bb max_width_last_edited=\u00a0\u00bbon|desktop\u00a0\u00bb custom_padding=\u00a0\u00bb26px|0px|0px|0px\u00a0\u00bb make_fullwidth=\u00a0\u00bbon\u00a0\u00bb global_colors_info=\u00a0\u00bb{}\u00a0\u00bb][et_pb_column type=\u00a0\u00bb1_3&Prime; _builder_version=\u00a0\u00bb4.16&Prime; background_color=\u00a0\u00bb#e2e2e2&Prime; background_position=\u00a0\u00bbtop_left\u00a0\u00bb custom_padding=\u00a0\u00bb|||\u00a0\u00bb global_colors_info=\u00a0\u00bb{}\u00a0\u00bb custom_padding__hover=\u00a0\u00bb|||\u00a0\u00bb][et_pb_image src=\u00a0\u00bbhttps:\/\/marionlomonaco.fr\/wp-content\/uploads\/2025\/11\/IMG-20251112-WA0035.jpg\u00a0\u00bb title_text=\u00a0\u00bbIMG-20251112-WA0035&Prime; align_tablet=\u00a0\u00bbcenter\u00a0\u00bb align_phone=\u00a0\u00bb\u00a0\u00bb align_last_edited=\u00a0\u00bbon|desktop\u00a0\u00bb _builder_version=\u00a0\u00bb4.16&Prime; animation_style=\u00a0\u00bbslide\u00a0\u00bb animation_direction=\u00a0\u00bbleft\u00a0\u00bb animation_duration=\u00a0\u00bb500ms\u00a0\u00bb animation_intensity_slide=\u00a0\u00bb10%\u00a0\u00bb border_width_all=\u00a0\u00bb4px\u00a0\u00bb border_color_all=\u00a0\u00bb#3d3d3d\u00a0\u00bb border_style_all=\u00a0\u00bbsolid\u00a0\u00bb use_border_color=\u00a0\u00bbon\u00a0\u00bb border_color=\u00a0\u00bb#3d3d3d\u00a0\u00bb border_width=\u00a0\u00bb4px\u00a0\u00bb global_colors_info=\u00a0\u00bb{}\u00a0\u00bb][\/et_pb_image][\/et_pb_column][et_pb_column type=\u00a0\u00bb1_3&Prime; _builder_version=\u00a0\u00bb4.16&Prime; background_position=\u00a0\u00bbtop_left\u00a0\u00bb custom_padding=\u00a0\u00bb|||\u00a0\u00bb global_colors_info=\u00a0\u00bb{}\u00a0\u00bb custom_padding__hover=\u00a0\u00bb|||\u00a0\u00bb][et_pb_text _builder_version=\u00a0\u00bb4.16&Prime; text_font=\u00a0\u00bbArvo||||\u00a0\u00bb text_font_size=\u00a0\u00bb17px\u00a0\u00bb text_orientation=\u00a0\u00bbcenter\u00a0\u00bb background_layout=\u00a0\u00bbdark\u00a0\u00bb module_alignment=\u00a0\u00bbcenter\u00a0\u00bb border_style=\u00a0\u00bbsolid\u00a0\u00bb inline_fonts=\u00a0\u00bbPermanent Marker,Arvo\u00a0\u00bb global_colors_info=\u00a0\u00bb{}\u00a0\u00bb]<\/p>\n<div class=\"elementor-element elementor-element-fbef5ac elementor-widget elementor-widget-text-editor\" data-id=\"fbef5ac\" data-element_type=\"widget\" data-widget_type=\"text-editor.default\">\n<div class=\"elementor-widget-container\">\n<p><span style=\"color: #ffffff;\"><span style=\"font-family: Calibri Light, sans-serif;\"><strong>Marion Lo Monaco<\/strong> est devenue artisan verrier dans le sillon de son parcours de com\u00e9dienne et conteuse.<\/span><\/span><\/p>\n<p><span style=\"color: #ffffff;\"><span style=\"font-family: 'Calibri Light', sans-serif;\">Elle a<\/span><span style=\"font-family: 'Calibri Light', sans-serif;\"> toujours eu un grand int\u00e9r\u00eat pour les arts graphiques et le dessin, l&rsquo;Histoire <\/span><span style=\"font-family: 'Calibri Light', sans-serif;\">comme<\/span><span style=\"font-family: 'Calibri Light', sans-serif;\"> pour l&rsquo;Histoire de l&rsquo;art<\/span><span style=\"font-family: 'Calibri Light', sans-serif;\">. Toujours une inclination profonde pour le patrimoine humain mat\u00e9riel <\/span><span style=\"font-family: 'Calibri Light', sans-serif;\">(architecture, peinture, sculpture)<\/span><span style=\"font-family: 'Calibri Light', sans-serif;\"> et immat\u00e9riel <\/span><span style=\"font-family: 'Calibri Light', sans-serif;\">(th\u00e9\u00e2tre, contes, musique). Et pour le travail manuel&#8230;<\/span><\/span><\/p>\n<p><span style=\"font-family: Calibri Light, sans-serif;\">C&rsquo;est \u00e0 Foix, en rencontrant l&rsquo;artisan verrier Vincent Pull, meilleur ouvrier de France, que Marion rencontre v\u00e9ritablement l&rsquo;artisanat du vitrail, les techniques exigentes et anciennes qui permettent de les cr\u00e9er, de les copier, de les restaurer.<\/span><\/p>\n<p><span style=\"font-family: Calibri Light, sans-serif;\">Elle a ensuite suivi une formation professionnelle \u00e0 l\u2019atelier \u00ab Au passeur de lumi\u00e8re \u00bb \u00e0 Paris, aupr\u00e8s de Nolwenn de Kergommeaux. L\u00e0, elle a continu\u00e9 d&rsquo;apprendre rigoureusement le m\u00e9tier : dessin, maquette, carton, peintures sur verre, sertissage, soudage etc&#8230;<\/span><\/p>\n<p><span style=\"font-family: Calibri Light, sans-serif;\">A l&rsquo;issue de sa formation, Marion obtient le CAP \u00ab\u00a0Art et techniques du verre &#8211; option Vitrail\u00a0\u00bb avec la mention BIEN.<\/span><\/p>\n<\/div>\n<\/div>\n<p>[\/et_pb_text][\/et_pb_column][et_pb_column _builder_version=\u00a0\u00bb4.27.4&Prime; _module_preset=\u00a0\u00bbdefault\u00a0\u00bb type=\u00a0\u00bb1_3&Prime;][et_pb_image src=\u00a0\u00bbhttps:\/\/marionlomonaco.fr\/wp-content\/uploads\/2026\/03\/Logo-Membre_BatiFemmes_avec-baseline_orange.jpg\u00a0\u00bb _builder_version=\u00a0\u00bb4.27.4&Prime; _module_preset=\u00a0\u00bbdefault\u00a0\u00bb title_text=\u00a0\u00bbLogo-Membre_BatiFemmes_avec-baseline_orange\u00a0\u00bb hover_enabled=\u00a0\u00bb0&Prime; sticky_enabled=\u00a0\u00bb0&Prime; width=\u00a0\u00bb60.2%\u00a0\u00bb custom_margin=\u00a0\u00bb|-28px||||\u00a0\u00bb][\/et_pb_image][\/et_pb_column][\/et_pb_row][\/et_pb_section]<\/p>\n","protected":false},"excerpt":{"rendered":"<p>Marion Lo Monaco est devenue artisan verrier dans le sillon de son parcours de com\u00e9dienne et conteuse. Elle a toujours eu un grand int\u00e9r\u00eat pour les arts graphiques et le dessin, l&rsquo;Histoire comme pour l&rsquo;Histoire de l&rsquo;art. Toujours une inclination profonde pour le patrimoine humain mat\u00e9riel (architecture, peinture, sculpture) et immat\u00e9riel (th\u00e9\u00e2tre, contes, musique). Et [&hellip;]<\/p>\n","protected":false},"author":1,"featured_media":0,"parent":0,"menu_order":0,"comment_status":"closed","ping_status":"closed","template":"","meta":{"_et_pb_use_builder":"on","_et_pb_old_content":"","_et_gb_content_width":""},"yoast_head":"<!-- This site is optimized with the Yoast SEO plugin v17.3 - https:\/\/yoast.com\/wordpress\/plugins\/seo\/ -->\n<title>\u00c0 propos - Marion Lo Monaco<\/title>\n<meta name=\"description\" content=\"Marion Lo Monaco est devenue artisan verrier dans le sillon de son parcours de com\u00e9dienne et conteuse.Elle a toujours eu un grand int\u00e9r\u00eat pour les arts graphiques et le dessin, l\u2019Histoire comme pour l\u2019Histoire de l\u2019art. Toujours une inclination profonde pour le patrimoine humain mat\u00e9riel (architecture, peinture, sculpture) et immat\u00e9riel (th\u00e9\u00e2tre, contes, musique). Et pour le travail manuel\u2026\" \/>\n<meta name=\"robots\" content=\"index, follow, max-snippet:-1, max-image-preview:large, max-video-preview:-1\" \/>\n<link rel=\"canonical\" href=\"https:\/\/marionlomonaco.fr\/?page_id=2395\" \/>\n<meta property=\"og:locale\" content=\"fr_FR\" \/>\n<meta property=\"og:type\" content=\"article\" \/>\n<meta property=\"og:title\" content=\"\u00c0 propos - Marion Lo Monaco\" \/>\n<meta property=\"og:description\" content=\"Marion Lo Monaco est devenue artisan verrier dans le sillon de son parcours de com\u00e9dienne et conteuse.Elle a toujours eu un grand int\u00e9r\u00eat pour les arts graphiques et le dessin, l\u2019Histoire comme pour l\u2019Histoire de l\u2019art. Toujours une inclination profonde pour le patrimoine humain mat\u00e9riel (architecture, peinture, sculpture) et immat\u00e9riel (th\u00e9\u00e2tre, contes, musique). Et pour le travail manuel\u2026\" \/>\n<meta property=\"og:url\" content=\"https:\/\/marionlomonaco.fr\/?page_id=2395\" \/>\n<meta property=\"og:site_name\" content=\"Marion Lo Monaco\" \/>\n<meta property=\"article:modified_time\" content=\"2026-03-13T16:33:55+00:00\" \/>\n<meta name=\"twitter:card\" content=\"summary\" \/>\n<meta name=\"twitter:label1\" content=\"Dur\u00e9e de lecture estim\u00e9e\" \/>\n\t<meta name=\"twitter:data1\" content=\"1 minute\" \/>\n<script type=\"application\/ld+json\" class=\"yoast-schema-graph\">{\"@context\":\"https:\/\/schema.org\",\"@graph\":[{\"@type\":\"WebSite\",\"@id\":\"https:\/\/marionlomonaco.fr\/#website\",\"url\":\"https:\/\/marionlomonaco.fr\/\",\"name\":\"Marion Lo Monaco\",\"description\":\"Atelier LA MONA - Vitraux\",\"potentialAction\":[{\"@type\":\"SearchAction\",\"target\":{\"@type\":\"EntryPoint\",\"urlTemplate\":\"https:\/\/marionlomonaco.fr\/?s={search_term_string}\"},\"query-input\":\"required name=search_term_string\"}],\"inLanguage\":\"fr-FR\"},{\"@type\":\"WebPage\",\"@id\":\"https:\/\/marionlomonaco.fr\/?page_id=2395#webpage\",\"url\":\"https:\/\/marionlomonaco.fr\/?page_id=2395\",\"name\":\"\\u00c0 propos - Marion Lo Monaco\",\"isPartOf\":{\"@id\":\"https:\/\/marionlomonaco.fr\/#website\"},\"datePublished\":\"2017-07-15T09:12:23+00:00\",\"dateModified\":\"2026-03-13T16:33:55+00:00\",\"description\":\"Marion Lo Monaco est devenue artisan verrier dans le sillon de son parcours de com\\u00e9dienne et conteuse.Elle a toujours eu un grand int\\u00e9r\\u00eat pour les arts graphiques et le dessin, l\\u2019Histoire comme pour l\\u2019Histoire de l\\u2019art. Toujours une inclination profonde pour le patrimoine humain mat\\u00e9riel (architecture, peinture, sculpture) et immat\\u00e9riel (th\\u00e9\\u00e2tre, contes, musique). Et pour le travail manuel\\u2026\",\"breadcrumb\":{\"@id\":\"https:\/\/marionlomonaco.fr\/?page_id=2395#breadcrumb\"},\"inLanguage\":\"fr-FR\",\"potentialAction\":[{\"@type\":\"ReadAction\",\"target\":[\"https:\/\/marionlomonaco.fr\/?page_id=2395\"]}]},{\"@type\":\"BreadcrumbList\",\"@id\":\"https:\/\/marionlomonaco.fr\/?page_id=2395#breadcrumb\",\"itemListElement\":[{\"@type\":\"ListItem\",\"position\":1,\"name\":\"Accueil\",\"item\":\"https:\/\/marionlomonaco.fr\/\"},{\"@type\":\"ListItem\",\"position\":2,\"name\":\"\\u00c0 propos\"}]}]}<\/script>\n<!-- \/ Yoast SEO plugin. -->","yoast_head_json":{"title":"\u00c0 propos - Marion Lo Monaco","description":"Marion Lo Monaco est devenue artisan verrier dans le sillon de son parcours de com\u00e9dienne et conteuse.Elle a toujours eu un grand int\u00e9r\u00eat pour les arts graphiques et le dessin, l\u2019Histoire comme pour l\u2019Histoire de l\u2019art. Toujours une inclination profonde pour le patrimoine humain mat\u00e9riel (architecture, peinture, sculpture) et immat\u00e9riel (th\u00e9\u00e2tre, contes, musique). Et pour le travail manuel\u2026","robots":{"index":"index","follow":"follow","max-snippet":"max-snippet:-1","max-image-preview":"max-image-preview:large","max-video-preview":"max-video-preview:-1"},"canonical":"https:\/\/marionlomonaco.fr\/?page_id=2395","og_locale":"fr_FR","og_type":"article","og_title":"\u00c0 propos - Marion Lo Monaco","og_description":"Marion Lo Monaco est devenue artisan verrier dans le sillon de son parcours de com\u00e9dienne et conteuse.Elle a toujours eu un grand int\u00e9r\u00eat pour les arts graphiques et le dessin, l\u2019Histoire comme pour l\u2019Histoire de l\u2019art. Toujours une inclination profonde pour le patrimoine humain mat\u00e9riel (architecture, peinture, sculpture) et immat\u00e9riel (th\u00e9\u00e2tre, contes, musique). Et pour le travail manuel\u2026","og_url":"https:\/\/marionlomonaco.fr\/?page_id=2395","og_site_name":"Marion Lo Monaco","article_modified_time":"2026-03-13T16:33:55+00:00","twitter_card":"summary","twitter_misc":{"Dur\u00e9e de lecture estim\u00e9e":"1 minute"},"schema":{"@context":"https:\/\/schema.org","@graph":[{"@type":"WebSite","@id":"https:\/\/marionlomonaco.fr\/#website","url":"https:\/\/marionlomonaco.fr\/","name":"Marion Lo Monaco","description":"Atelier LA MONA - Vitraux","potentialAction":[{"@type":"SearchAction","target":{"@type":"EntryPoint","urlTemplate":"https:\/\/marionlomonaco.fr\/?s={search_term_string}"},"query-input":"required name=search_term_string"}],"inLanguage":"fr-FR"},{"@type":"WebPage","@id":"https:\/\/marionlomonaco.fr\/?page_id=2395#webpage","url":"https:\/\/marionlomonaco.fr\/?page_id=2395","name":"\u00c0 propos - Marion Lo Monaco","isPartOf":{"@id":"https:\/\/marionlomonaco.fr\/#website"},"datePublished":"2017-07-15T09:12:23+00:00","dateModified":"2026-03-13T16:33:55+00:00","description":"Marion Lo Monaco est devenue artisan verrier dans le sillon de son parcours de com\u00e9dienne et conteuse.Elle a toujours eu un grand int\u00e9r\u00eat pour les arts graphiques et le dessin, l\u2019Histoire comme pour l\u2019Histoire de l\u2019art. Toujours une inclination profonde pour le patrimoine humain mat\u00e9riel (architecture, peinture, sculpture) et immat\u00e9riel (th\u00e9\u00e2tre, contes, musique). Et pour le travail manuel\u2026","breadcrumb":{"@id":"https:\/\/marionlomonaco.fr\/?page_id=2395#breadcrumb"},"inLanguage":"fr-FR","potentialAction":[{"@type":"ReadAction","target":["https:\/\/marionlomonaco.fr\/?page_id=2395"]}]},{"@type":"BreadcrumbList","@id":"https:\/\/marionlomonaco.fr\/?page_id=2395#breadcrumb","itemListElement":[{"@type":"ListItem","position":1,"name":"Accueil","item":"https:\/\/marionlomonaco.fr\/"},{"@type":"ListItem","position":2,"name":"\u00c0 propos"}]}]}},"_links":{"self":[{"href":"https:\/\/marionlomonaco.fr\/index.php?rest_route=\/wp\/v2\/pages\/2395"}],"collection":[{"href":"https:\/\/marionlomonaco.fr\/index.php?rest_route=\/wp\/v2\/pages"}],"about":[{"href":"https:\/\/marionlomonaco.fr\/index.php?rest_route=\/wp\/v2\/types\/page"}],"author":[{"embeddable":true,"href":"https:\/\/marionlomonaco.fr\/index.php?rest_route=\/wp\/v2\/users\/1"}],"replies":[{"embeddable":true,"href":"https:\/\/marionlomonaco.fr\/index.php?rest_route=%2Fwp%2Fv2%2Fcomments&post=2395"}],"version-history":[{"count":79,"href":"https:\/\/marionlomonaco.fr\/index.php?rest_route=\/wp\/v2\/pages\/2395\/revisions"}],"predecessor-version":[{"id":4863,"href":"https:\/\/marionlomonaco.fr\/index.php?rest_route=\/wp\/v2\/pages\/2395\/revisions\/4863"}],"wp:attachment":[{"href":"https:\/\/marionlomonaco.fr\/index.php?rest_route=%2Fwp%2Fv2%2Fmedia&parent=2395"}],"curies":[{"name":"wp","href":"https:\/\/api.w.org\/{rel}","templated":true}]}}